{"id":128,"date":"2019-09-14T17:54:00","date_gmt":"2019-09-14T17:54:00","guid":{"rendered":"https:\/\/czlowiekszczesliwy.pl\/?page_id=128"},"modified":"2023-02-01T19:27:17","modified_gmt":"2023-02-01T19:27:17","slug":"o-mnie","status":"publish","type":"page","link":"https:\/\/czlowiekszczesliwy.pl\/index.php\/o-mnie\/","title":{"rendered":"Kilka s\u0142\u00f3w o mnie"},"content":{"rendered":"\t\t<div data-elementor-type=\"wp-page\" data-elementor-id=\"128\" class=\"elementor elementor-128\">\n\t\t\t\t\t\t<div class=\"elementor-inner\">\n\t\t\t\t<div class=\"elementor-section-wrap\">\n\t\t\t\t\t\t\t\t\t<section class=\"elementor-section elementor-top-section elementor-element elementor-element-03e75d1 elementor-section-boxed elementor-section-height-default elementor-section-height-default\" data-id=\"03e75d1\" data-element_type=\"section\">\n\t\t\t\t\t\t<div class=\"elementor-container elementor-column-gap-default\">\n\t\t\t\t\t\t\t<div class=\"elementor-row\">\n\t\t\t\t\t<div class=\"elementor-column elementor-col-100 elementor-top-column elementor-element elementor-element-bfc6ee2\" data-id=\"bfc6ee2\" data-element_type=\"column\">\n\t\t\t<div class=\"elementor-column-wrap elementor-element-populated\">\n\t\t\t\t\t\t\t<div class=\"elementor-widget-wrap\">\n\t\t\t\t\t\t<div class=\"elementor-element elementor-element-b9d49db elementor-widget elementor-widget-image\" data-id=\"b9d49db\" data-element_type=\"widget\" data-widget_type=\"image.default\">\n\t\t\t\t<div class=\"elementor-widget-container\">\n\t\t\t\t\t\t\t\t<div class=\"elementor-image\">\n\t\t\t\t\t\t\t\t\t\t\t\t<img decoding=\"async\" src=\"https:\/\/czlowiekszczesliwy.pl\/wp-content\/uploads\/elementor\/thumbs\/Tomek-oesc8hqnib6ods0esk15hmtrcns402v58ubd328u0a.jpg\" title=\"Tomek\" alt=\"Tomek\" \/>\t\t\t\t\t\t\t\t\t\t\t\t\t\t<\/div>\n\t\t\t\t\t\t<\/div>\n\t\t\t\t<\/div>\n\t\t\t\t\t\t<\/div>\n\t\t\t\t\t<\/div>\n\t\t<\/div>\n\t\t\t\t\t\t\t\t<\/div>\n\t\t\t\t\t<\/div>\n\t\t<\/section>\n\t\t\t\t<section class=\"elementor-section elementor-top-section elementor-element elementor-element-10143b05 elementor-section-boxed elementor-section-height-default elementor-section-height-default\" data-id=\"10143b05\" data-element_type=\"section\">\n\t\t\t\t\t\t<div class=\"elementor-container elementor-column-gap-default\">\n\t\t\t\t\t\t\t<div class=\"elementor-row\">\n\t\t\t\t\t<div class=\"elementor-column elementor-col-100 elementor-top-column elementor-element elementor-element-46b6ad11\" data-id=\"46b6ad11\" data-element_type=\"column\">\n\t\t\t<div class=\"elementor-column-wrap elementor-element-populated\">\n\t\t\t\t\t\t\t<div class=\"elementor-widget-wrap\">\n\t\t\t\t\t\t<div class=\"elementor-element elementor-element-6c3a4958 elementor-widget elementor-widget-text-editor\" data-id=\"6c3a4958\" data-element_type=\"widget\" data-widget_type=\"text-editor.default\">\n\t\t\t\t<div class=\"elementor-widget-container\">\n\t\t\t\t\t\t\t\t<div class=\"elementor-text-editor elementor-clearfix\">\n\t\t\t\t<p><!-- wp:image {\"align\":\"center\",\"id\":907,\"width\":337,\"height\":424,\"sizeSlug\":\"large\"} --><\/p>\n<div>\u00a0<\/div>\n<p><!-- \/wp:image --><!-- wp:paragraph {\"style\":{\"typography\":{\"fontSize\":21}},\"textColor\":\"very-dark-gray\"} --><\/p>\n<p style=\"font-size: 21px;\"><em><strong>Witam Ciebie serdecznie. <\/strong><\/em><\/p>\n<p><!-- \/wp:paragraph --><!-- wp:paragraph {\"textColor\":\"very-dark-gray\",\"fontSize\":\"medium\"} --><\/p>\n<p><em><strong>Nazywam si\u0119 Tomasz Walczak.<\/strong><\/em><\/p>\n<p><!-- \/wp:paragraph --><!-- wp:paragraph {\"textColor\":\"very-dark-gray\",\"fontSize\":\"medium\"} --><\/p>\n<p><em>Zapraszam Ciebie do wsp\u00f3lnej w\u0119dr\u00f3wki maj\u0105cej na celu odnalezienie zapomnianej drogi do w\u0142asnego szcz\u0119\u015bcia.<\/em><\/p>\n<p><!-- \/wp:paragraph --><!-- wp:paragraph {\"textColor\":\"very-dark-gray\",\"fontSize\":\"medium\"} --><\/p>\n<p><em><strong>Kim jestem?<\/strong><\/em><\/p>\n<p><!-- \/wp:paragraph --><!-- wp:paragraph --><\/p>\n<p><!-- \/wp:paragraph --><!-- wp:paragraph {\"textColor\":\"very-dark-gray\",\"fontSize\":\"medium\"} --><\/p>\n<p><em><em>Odk\u0105d pami\u0119tam \u017cycie umieszcza\u0142o mnie w takich miejscach gdzie mog\u0142em wspiera\u0107 innych swoj\u0105 obecno\u015bci\u0105 i uwa\u017cno\u015bci\u0105.<br \/>W pewnym momencie swojego \u017cycia u\u015bwiadomi\u0142em sobie, \u017ce to w\u0142a\u015bnie wychodzi mi najlepiej i sprawia najwi\u0119cej satysfakcji i rado\u015bci. Od tamtej pory jest to moja \u015bcie\u017cka. <\/em> <\/em><\/p>\n<p><!-- \/wp:paragraph --><!-- wp:paragraph {\"textColor\":\"very-dark-gray\",\"fontSize\":\"medium\"} --><\/p>\n<p><em>Kocham wspiera\u0107 ludzi, inspirowa\u0107 i pomaga\u0107 im integrowa\u0107 ich do\u015bwiadczenia w po\u0142\u0105czeniu umys\u0142u, serca i cia\u0142a. <br \/><\/em><\/p>\n<p><em>Postrzegam swoj\u0105 rol\u0119 jako rol\u0119 Przewodnika i Towarzysza w tej fascynuj\u0105cej podr\u00f3\u017cy jak\u0105 jest nasze \u017cycie.<\/em><\/p>\n<p><!-- \/wp:paragraph --><!-- wp:paragraph {\"textColor\":\"very-dark-gray\",\"fontSize\":\"medium\"} --><\/p>\n<p><!-- \/wp:image --><\/p>\t\t\t\t\t<\/div>\n\t\t\t\t\t\t<\/div>\n\t\t\t\t<\/div>\n\t\t\t\t<div class=\"elementor-element elementor-element-1e348e0 elementor-widget elementor-widget-text-editor\" data-id=\"1e348e0\" data-element_type=\"widget\" data-widget_type=\"text-editor.default\">\n\t\t\t\t<div class=\"elementor-widget-container\">\n\t\t\t\t\t\t\t\t<div class=\"elementor-text-editor elementor-clearfix\">\n\t\t\t\t<p><!-- wp:image {\"align\":\"center\",\"id\":907,\"width\":337,\"height\":424,\"sizeSlug\":\"large\"} --><\/p>\n<div><em>Jestem<strong> Certyfikowanym Coachem<\/strong> pracuj\u0105cym w podej\u015bciu Zen Coachingu. <br><\/em><\/div>\n<div><em>Nale\u017c\u0119 do <\/em><strong><a href=\"https:\/\/zen-coaching.com\/?lang=pl\" target=\"_blank\" rel=\"noreferrer noopener\"><em>Mi\u0119dzynarodowej Wsp\u00f3lnoty Zen Coachingu<\/em><\/a><\/strong><em> oraz jestem cz\u0142onkiem&nbsp;<\/em><em><strong><a href=\"https:\/\/zen-coaching.pl\/\" target=\"_blank\" rel=\"noopener\">Stowarzyszenia Coach\u00f3w Zen Coachingu<\/a>.<\/strong><\/em><\/div>\n<p><em>Korzystam tak\u017ce z narz\u0119dzi i metodologii m.in. <strong>Coaching\u2019u Koaktywnego<\/strong>, <strong>NVC<\/strong> (Non Violence Communication), <strong>Focusingu<\/strong>, technik <strong>Mindfulness<\/strong> i innych podej\u015b\u0107 integruj\u0105cych i pog\u0142\u0119biaj\u0105cych kontakt z cia\u0142em, emocjami, umys\u0142em i sercem, prowadz\u0105cych do \u017cycia w wi\u0119kszej \u015bwiadomo\u015bci.<\/em><\/p>\n<p><!-- \/wp:paragraph --><!-- wp:paragraph {\"textColor\":\"very-dark-gray\",\"fontSize\":\"medium\"} --><\/p>\n<p><em>Jestem tak\u017ce <strong>Certyfikowanym Masa\u017cyst\u0105 <\/strong>Hawajskiego Masa\u017cu Uzdrawiaj\u0105cego <strong>Lomi-lomi Akamana<\/strong>.<\/em><\/p>\n<p><!-- \/wp:paragraph --><!-- wp:paragraph {\"textColor\":\"very-dark-gray\",\"fontSize\":\"medium\"} --><\/p>\n<p>W wolnych chwilach z pasj\u0105 i mi\u0142o\u015bci\u0105 tworz\u0119 lub pomagam innym tworzy\u0107 ich w\u0142asne B\u0119bny Szama\u0144skie.<\/p>\n<p>Wsp\u00f3\u0142prowadz\u0119 te\u017c regularne spotkania w <strong><a href=\"https:\/\/czlowiekszczesliwy.pl\/index.php\/krag-kobiet-i-mezczyzn\/\" rel=\"noopener\">Kr\u0119gu Kobiet i M\u0119\u017cczyzn<\/a><\/strong>.<\/p>\n<p><!-- \/wp:paragraph --><!-- wp:paragraph {\"textColor\":\"very-dark-gray\",\"fontSize\":\"medium\"} --><\/p>\n<p><!-- \/wp:image --><\/p>\t\t\t\t\t<\/div>\n\t\t\t\t\t\t<\/div>\n\t\t\t\t<\/div>\n\t\t\t\t<div class=\"elementor-element elementor-element-4980912 elementor-widget elementor-widget-text-editor\" data-id=\"4980912\" data-element_type=\"widget\" data-widget_type=\"text-editor.default\">\n\t\t\t\t<div class=\"elementor-widget-container\">\n\t\t\t\t\t\t\t\t<div class=\"elementor-text-editor elementor-clearfix\">\n\t\t\t\t<p><!-- wp:image {\"align\":\"center\",\"id\":907,\"width\":337,\"height\":424,\"sizeSlug\":\"large\"} --><\/p>\n<p><em><strong>W jaki spos\u00f3b pomagam ?<\/strong><\/em><\/p>\n<p><!-- \/wp:paragraph --><!-- wp:paragraph {\"textColor\":\"very-dark-gray\",\"fontSize\":\"medium\"} --><\/p>\n<p><em>W swojej pracy kieruj\u0119 si\u0119 przede wszystkim intuicj\u0105 i empati\u0105. Na prowadzonych przeze mnie sesjach stwarzam dla Ciebie bezpieczn\u0105 przestrze\u0144 pe\u0142n\u0105 akceptacji i zaufania. S\u0142ucham Ciebie z otwarto\u015bci\u0105 i uwa\u017cno\u015bci\u0105 zadaj\u0105c wspieraj\u0105ce pytania, kt\u00f3re otwieraj\u0105 przed Tob\u0105 zupe\u0142nie nowe perspektywy.<\/em><\/p>\n<p><!-- \/wp:paragraph --><!-- wp:paragraph {\"textColor\":\"very-dark-gray\",\"fontSize\":\"medium\"} --><\/p>\n<p><em><strong>Nie oceniam Ciebie, nie krytykuj\u0119, nie naprawiam i nie daje gotowych rozwi\u0105za\u0144.<\/strong><\/em><\/p>\n<p><!-- \/wp:paragraph --><!-- wp:paragraph {\"textColor\":\"very-dark-gray\",\"fontSize\":\"medium\"} --><\/p>\n<p><em>Towarzysz\u0105c Ci dyskretnie podczas tej podr\u00f3\u017cy wspieram Ci\u0119 w odzyskiwaniu dost\u0119pu do posiadanych przez Ciebie zasob\u00f3w. Pomagam przywr\u00f3ci\u0107 Tobie kontakt z obszarem Twoich ogromnych mo\u017cliwo\u015bci, Twojej kreatywno\u015bci i Twojej spontanicznej rado\u015bci \u017cycia.<\/em><\/p>\n<p><em>\u00a0<\/em><\/p>\n<div>\n<div dir=\"auto\" style=\"text-align: start;\">Zapraszam Ci\u0119 do wsp\u00f3lnego do\u015bwiadczenia mocy i prostoty podej\u015b\u0107, kt\u00f3re proponuj\u0119 na moich sesjach.<\/div>\n<\/div>\n<div>\n<div dir=\"auto\" style=\"text-align: start;\">Je\u015bli czujesz, \u017ce to jest co\u015b dla Ciebie, zapraszam do kontaktu &#8230;<\/div>\n<div dir=\"auto\" style=\"text-align: start;\">\u00a0<\/div>\n<\/div>\n<p><!-- \/wp:paragraph --><!-- wp:paragraph {\"textColor\":\"very-dark-gray\",\"fontSize\":\"medium\"} --><\/p>\n<p><!-- \/wp:paragraph --><!-- wp:paragraph {\"textColor\":\"very-dark-gray\",\"fontSize\":\"medium\"} --><\/p>\n<p><em><strong>Czekam na wiadomo\u015b\u0107 od Ciebie \u2026<\/strong><\/em><\/p>\n<p><!-- \/wp:paragraph --><!-- wp:paragraph {\"textColor\":\"vivid-cyan-blue\",\"fontSize\":\"medium\"} --><\/p>\n<p><a href=\"https:\/\/czlowiekszczesliwy.pl\/index.php\/kontakt\/\">Kontakt &#8230;<\/a><\/p>\n<p><!-- \/wp:paragraph --><!-- wp:image {\"align\":\"center\",\"id\":2375,\"sizeSlug\":\"large\",\"linkDestination\":\"none\",\"className\":\"is-style-rounded\"} --><\/p>\n<div>\u00a0<\/div>\n<p><!-- \/wp:image --><\/p>\t\t\t\t\t<\/div>\n\t\t\t\t\t\t<\/div>\n\t\t\t\t<\/div>\n\t\t\t\t\t\t<\/div>\n\t\t\t\t\t<\/div>\n\t\t<\/div>\n\t\t\t\t\t\t\t\t<\/div>\n\t\t\t\t\t<\/div>\n\t\t<\/section>\n\t\t\t\t\t\t\t\t\t<\/div>\n\t\t\t<\/div>\n\t\t\t\t\t<\/div>\n\t\t","protected":false},"excerpt":{"rendered":"<p>Witam Ciebie serdecznie. Nazywam si\u0119 Tomasz Walczak. Zapraszam Ciebie do wsp\u00f3lnej w\u0119dr\u00f3wki maj\u0105cej na celu odnalezienie zapomnianej drogi do w\u0142asnego szcz\u0119\u015bcia. Kim jestem? Odk\u0105d pami\u0119tam &hellip;<\/p>\n","protected":false},"author":1,"featured_media":0,"parent":0,"menu_order":0,"comment_status":"closed","ping_status":"closed","template":"elementor_header_footer","meta":{"footnotes":""},"class_list":["post-128","page","type-page","status-publish","hentry"],"jetpack_sharing_enabled":true,"_links":{"self":[{"href":"https:\/\/czlowiekszczesliwy.pl\/index.php\/wp-json\/wp\/v2\/pages\/128","targetHints":{"allow":["GET"]}}],"collection":[{"href":"https:\/\/czlowiekszczesliwy.pl\/index.php\/wp-json\/wp\/v2\/pages"}],"about":[{"href":"https:\/\/czlowiekszczesliwy.pl\/index.php\/wp-json\/wp\/v2\/types\/page"}],"author":[{"embeddable":true,"href":"https:\/\/czlowiekszczesliwy.pl\/index.php\/wp-json\/wp\/v2\/users\/1"}],"replies":[{"embeddable":true,"href":"https:\/\/czlowiekszczesliwy.pl\/index.php\/wp-json\/wp\/v2\/comments?post=128"}],"version-history":[{"count":104,"href":"https:\/\/czlowiekszczesliwy.pl\/index.php\/wp-json\/wp\/v2\/pages\/128\/revisions"}],"predecessor-version":[{"id":3265,"href":"https:\/\/czlowiekszczesliwy.pl\/index.php\/wp-json\/wp\/v2\/pages\/128\/revisions\/3265"}],"wp:attachment":[{"href":"https:\/\/czlowiekszczesliwy.pl\/index.php\/wp-json\/wp\/v2\/media?parent=128"}],"curies":[{"name":"wp","href":"https:\/\/api.w.org\/{rel}","templated":true}]}}