{"id":2307,"date":"2020-01-20T13:43:45","date_gmt":"2020-01-20T13:43:45","guid":{"rendered":"https:\/\/czlowiekszczesliwy.pl\/?page_id=2307"},"modified":"2022-12-29T13:10:42","modified_gmt":"2022-12-29T13:10:42","slug":"masaz-lomi-lomi","status":"publish","type":"page","link":"https:\/\/czlowiekszczesliwy.pl\/index.php\/masaz-lomi-lomi\/","title":{"rendered":"Masa\u017c Lomi Lomi Akamana"},"content":{"rendered":"\t\t<div data-elementor-type=\"wp-page\" data-elementor-id=\"2307\" class=\"elementor elementor-2307\">\n\t\t\t\t\t\t<div class=\"elementor-inner\">\n\t\t\t\t<div class=\"elementor-section-wrap\">\n\t\t\t\t\t\t\t\t\t<section class=\"elementor-section elementor-top-section elementor-element elementor-element-46472e8b elementor-section-boxed elementor-section-height-default elementor-section-height-default\" data-id=\"46472e8b\" data-element_type=\"section\">\n\t\t\t\t\t\t<div class=\"elementor-container elementor-column-gap-default\">\n\t\t\t\t\t\t\t<div class=\"elementor-row\">\n\t\t\t\t\t<div class=\"elementor-column elementor-col-100 elementor-top-column elementor-element elementor-element-6a95bffa\" data-id=\"6a95bffa\" data-element_type=\"column\">\n\t\t\t<div class=\"elementor-column-wrap elementor-element-populated\">\n\t\t\t\t\t\t\t<div class=\"elementor-widget-wrap\">\n\t\t\t\t\t\t<div class=\"elementor-element elementor-element-961ccf2 elementor-invisible elementor-widget elementor-widget-text-editor\" data-id=\"961ccf2\" data-element_type=\"widget\" data-settings=\"{&quot;_animation&quot;:&quot;fadeInDown&quot;}\" data-widget_type=\"text-editor.default\">\n\t\t\t\t<div class=\"elementor-widget-container\">\n\t\t\t\t\t\t\t\t<div class=\"elementor-text-editor elementor-clearfix\">\n\t\t\t\t<h5><strong>Masa\u017c Lomi-lomi<i> &#8230; dotyk, kt\u00f3ry budzi Dusz\u0119.<\/i><\/strong><\/h5><h5><i>Jest to pot\u0119\u017cne narz\u0119dzie wspieraj\u0105ce nas, je\u015bli potrzebujemy zmiany, szukamy inspiracji, wchodzimy w nowy etap w swoim \u017cyciu lub gdy mamy podj\u0105\u0107 jak\u0105\u015b wa\u017cn\u0105 decyzj\u0119. Mo\u017ce by\u0107 doskona\u0142ym uzupe\u0142nieniem b\u0105d\u017a rozwini\u0119ciem sesji coachingowych, a tak\u017ce \u017ar\u00f3d\u0142em wewn\u0119trznych odkry\u0107 i osobistych wgl\u0105d\u00f3w, kt\u00f3re podczas sesji coachingowych mog\u0105 by\u0107 dalej eksplorowane i integrowane.<\/i><\/h5>\t\t\t\t\t<\/div>\n\t\t\t\t\t\t<\/div>\n\t\t\t\t<\/div>\n\t\t\t\t<div class=\"elementor-element elementor-element-2e9894d elementor-invisible elementor-widget elementor-widget-image\" data-id=\"2e9894d\" data-element_type=\"widget\" data-settings=\"{&quot;_animation&quot;:&quot;fadeInLeft&quot;}\" data-widget_type=\"image.default\">\n\t\t\t\t<div class=\"elementor-widget-container\">\n\t\t\t\t\t\t\t\t<div class=\"elementor-image\">\n\t\t\t\t\t\t\t\t\t\t\t\t<img loading=\"lazy\" decoding=\"async\" width=\"760\" height=\"507\" src=\"https:\/\/czlowiekszczesliwy.pl\/wp-content\/uploads\/2020\/01\/AdobeStock_31599380-1024x683.jpeg\" class=\"attachment-large size-large\" alt=\"\" srcset=\"https:\/\/czlowiekszczesliwy.pl\/wp-content\/uploads\/2020\/01\/AdobeStock_31599380-1024x683.jpeg 1024w, https:\/\/czlowiekszczesliwy.pl\/wp-content\/uploads\/2020\/01\/AdobeStock_31599380-300x200.jpeg 300w, https:\/\/czlowiekszczesliwy.pl\/wp-content\/uploads\/2020\/01\/AdobeStock_31599380-768x512.jpeg 768w, https:\/\/czlowiekszczesliwy.pl\/wp-content\/uploads\/2020\/01\/AdobeStock_31599380-1536x1024.jpeg 1536w, https:\/\/czlowiekszczesliwy.pl\/wp-content\/uploads\/2020\/01\/AdobeStock_31599380-2048x1365.jpeg 2048w\" sizes=\"auto, (max-width: 760px) 100vw, 760px\" \/>\t\t\t\t\t\t\t\t\t\t\t\t\t\t<\/div>\n\t\t\t\t\t\t<\/div>\n\t\t\t\t<\/div>\n\t\t\t\t<div class=\"elementor-element elementor-element-d1f034f elementor-invisible elementor-widget elementor-widget-text-editor\" data-id=\"d1f034f\" data-element_type=\"widget\" data-settings=\"{&quot;_animation&quot;:&quot;fadeInRight&quot;}\" data-widget_type=\"text-editor.default\">\n\t\t\t\t<div class=\"elementor-widget-container\">\n\t\t\t\t\t\t\t\t<div class=\"elementor-text-editor elementor-clearfix\">\n\t\t\t\t<h5><i>Cz\u0142owiek jest niezwyk\u0142\u0105, wielowymiarow\u0105 istot\u0105, kt\u00f3r\u0105 mo\u017cna postrzega\u0107 jako r\u00f3\u017cne aspekty sk\u0142adaj\u0105ce si\u0119 na jego pe\u0142en obraz. <br \/><\/i><\/h5><h5><i>Pojawiaj\u0105ce si\u0119 my\u015bli, wywo\u0142uj\u0105 emocje, kt\u00f3re manifestuj\u0105 si\u0119 w naszym ciele fizycznym. Nast\u0119pnie, szczeg\u00f3lnie negatywne my\u015bli i emocje, wp\u0142ywaj\u0105 na przep\u0142ywy energetyczne zaburzaj\u0105c je i blokuj\u0105c.<\/i><\/h5><h5><i>Zwykle koncentrujemy si\u0119 na ciele fizycznym, ale niezmiernie wa\u017cne jest<\/i><i> nasze cia\u0142o energetyczne, kt\u00f3re jest niejako kopi\u0105 cia\u0142a fizycznego odzwierciedlaj\u0105c\u0105 jego kondycj\u0119. Wszelkie zaburzenia przep\u0142ywu energii \u017cyciowej w ciele energetycznym, szczeg\u00f3lnie te utrzymuj\u0105ce si\u0119 d\u0142u\u017cszy czas, maj\u0105 na og\u00f3\u0142 swoje odzwierciedlenie w ciele fizycznym w postaci dysfunkcji organ\u00f3w wewn\u0119trznych i pojawiaj\u0105cych si\u0119 w ich nast\u0119pstwie dolegliwo\u015bci.<\/i><\/h5><h5><i>Wszystko jest ze sob\u0105 \u015bci\u015ble powi\u0105zane. R\u00f3\u017cne aspekty naszego \u017cycia przenikaj\u0105 si\u0119 wzajemnie i oddzia\u0142uj\u0105 na ca\u0142\u0105 nasz\u0105 pi\u0119kn\u0105 istot\u0119. <br \/><\/i><\/h5><h5><i><i>W swej pracy <\/i>uwa\u017cam za bardzo istotne by traktowa\u0107 Istot\u0119 ludzk\u0105 jako ca\u0142o\u015b\u0107 ze wszystkimi jej aspektami, kt\u00f3re s\u0105 ze sob\u0105 nierozerwalnie powi\u0105zane.<\/i><\/h5><div>\u00a0<\/div><h5><b><i>Czym jest masa\u017c lomi-lomi?<\/i><\/b><\/h5><h5><i>Jest to metoda pracy z cia\u0142em wywodz\u0105ca si\u0119 z Hawaj\u00f3w, powszechnie uznana za g\u0142\u0119boko uzdrawiaj\u0105c\u0105 form\u0119 masa\u017cu. Masa\u017c ten obejmuje ca\u0142e cia\u0142o (poza strefami intymnymi), a wykonuje si\u0119 go g\u0142\u00f3wnie przedramionami. D\u0142ugie i p\u0142ynne ruchy, sprawiaj\u0105, \u017ce masowana osoba do\u015bwiadcza g\u0142\u0119bokiej relaksacji.<\/i><\/h5>\t\t\t\t\t<\/div>\n\t\t\t\t\t\t<\/div>\n\t\t\t\t<\/div>\n\t\t\t\t<div class=\"elementor-element elementor-element-afbe5fe elementor-invisible elementor-widget elementor-widget-text-editor\" data-id=\"afbe5fe\" data-element_type=\"widget\" data-settings=\"{&quot;_animation&quot;:&quot;fadeInRight&quot;}\" data-widget_type=\"text-editor.default\">\n\t\t\t\t<div class=\"elementor-widget-container\">\n\t\t\t\t\t\t\t\t<div class=\"elementor-text-editor elementor-clearfix\">\n\t\t\t\t<h5><i>Poprzez masa\u017c mo\u017cemy wp\u0142ywa\u0107 tak\u017ce na stan naszego umys\u0142u i na po\u0142\u0105czenie z nasz\u0105 duchow\u0105 istot\u0105. Rozlu\u017aniaj\u0105c cia\u0142o, po\u015brednio wp\u0142ywamy na m\u00f3zg i po\u0142\u0105czenia neuronalne. Poczucie relaksu w ciele sprawia, \u017ce na wiele spraw mo\u017cemy spojrze\u0107 z nowej perspektywy i nabra\u0107 dystansu. W zwi\u0105zku z tym masa\u017c ten mo\u017ce by\u0107 \u015bwietnym sposobem na poszerzanie horyzont\u00f3w naszej \u015bwiadomo\u015bci. Ci, kt\u00f3rzy doceniaj\u0105 wag\u0119 dobrego kontakt z samym sob\u0105, wiedz\u0105 doskonale, \u017ce trudno jest us\u0142ysze\u0107 sw\u00f3j wewn\u0119trzny g\u0142os w zabieganiu i stresie. Podczas rytua\u0142u lomi-lomi tworzy si\u0119 przestrze\u0144, dzi\u0119ki kt\u00f3rej mo\u017cna ws\u0142ucha\u0107 si\u0119 w szept swojej duszy i lepiej us\u0142ysze\u0107 w\u0142asn\u0105 intuicj\u0119.<\/i><\/h5>\t\t\t\t\t<\/div>\n\t\t\t\t\t\t<\/div>\n\t\t\t\t<\/div>\n\t\t\t\t<section class=\"elementor-section elementor-inner-section elementor-element elementor-element-7967ce1 elementor-section-boxed elementor-section-height-default elementor-section-height-default\" data-id=\"7967ce1\" data-element_type=\"section\">\n\t\t\t\t\t\t<div class=\"elementor-container elementor-column-gap-default\">\n\t\t\t\t\t\t\t<div class=\"elementor-row\">\n\t\t\t\t\t<div class=\"elementor-column elementor-col-50 elementor-inner-column elementor-element elementor-element-e3743ed\" data-id=\"e3743ed\" data-element_type=\"column\">\n\t\t\t<div class=\"elementor-column-wrap elementor-element-populated\">\n\t\t\t\t\t\t\t<div class=\"elementor-widget-wrap\">\n\t\t\t\t\t\t<div class=\"elementor-element elementor-element-ce3dfb2 elementor-invisible elementor-widget elementor-widget-image\" data-id=\"ce3dfb2\" data-element_type=\"widget\" data-settings=\"{&quot;_animation&quot;:&quot;fadeInLeft&quot;}\" data-widget_type=\"image.default\">\n\t\t\t\t<div class=\"elementor-widget-container\">\n\t\t\t\t\t\t\t\t<div class=\"elementor-image\">\n\t\t\t\t\t\t\t\t\t\t\t\t<img loading=\"lazy\" decoding=\"async\" width=\"760\" height=\"443\" src=\"https:\/\/czlowiekszczesliwy.pl\/wp-content\/uploads\/2021\/12\/DSC0018_-1024x597.jpg\" class=\"attachment-large size-large\" alt=\"\" srcset=\"https:\/\/czlowiekszczesliwy.pl\/wp-content\/uploads\/2021\/12\/DSC0018_-1024x597.jpg 1024w, https:\/\/czlowiekszczesliwy.pl\/wp-content\/uploads\/2021\/12\/DSC0018_-300x175.jpg 300w, https:\/\/czlowiekszczesliwy.pl\/wp-content\/uploads\/2021\/12\/DSC0018_-768x448.jpg 768w, https:\/\/czlowiekszczesliwy.pl\/wp-content\/uploads\/2021\/12\/DSC0018_-1536x895.jpg 1536w, https:\/\/czlowiekszczesliwy.pl\/wp-content\/uploads\/2021\/12\/DSC0018_-2048x1194.jpg 2048w\" sizes=\"auto, (max-width: 760px) 100vw, 760px\" \/>\t\t\t\t\t\t\t\t\t\t\t\t\t\t<\/div>\n\t\t\t\t\t\t<\/div>\n\t\t\t\t<\/div>\n\t\t\t\t\t\t<\/div>\n\t\t\t\t\t<\/div>\n\t\t<\/div>\n\t\t\t\t<div class=\"elementor-column elementor-col-50 elementor-inner-column elementor-element elementor-element-6412ee1\" data-id=\"6412ee1\" data-element_type=\"column\">\n\t\t\t<div class=\"elementor-column-wrap elementor-element-populated\">\n\t\t\t\t\t\t\t<div class=\"elementor-widget-wrap\">\n\t\t\t\t\t\t<div class=\"elementor-element elementor-element-7be3fd9 elementor-invisible elementor-widget elementor-widget-image\" data-id=\"7be3fd9\" data-element_type=\"widget\" data-settings=\"{&quot;_animation&quot;:&quot;fadeInRight&quot;}\" data-widget_type=\"image.default\">\n\t\t\t\t<div class=\"elementor-widget-container\">\n\t\t\t\t\t\t\t\t<div class=\"elementor-image\">\n\t\t\t\t\t\t\t\t\t\t\t\t<img loading=\"lazy\" decoding=\"async\" width=\"760\" height=\"507\" src=\"https:\/\/czlowiekszczesliwy.pl\/wp-content\/uploads\/2020\/01\/AdobeStock_250901593-1024x683.jpeg\" class=\"attachment-large size-large\" alt=\"\" srcset=\"https:\/\/czlowiekszczesliwy.pl\/wp-content\/uploads\/2020\/01\/AdobeStock_250901593-1024x683.jpeg 1024w, https:\/\/czlowiekszczesliwy.pl\/wp-content\/uploads\/2020\/01\/AdobeStock_250901593-300x200.jpeg 300w, https:\/\/czlowiekszczesliwy.pl\/wp-content\/uploads\/2020\/01\/AdobeStock_250901593-768x512.jpeg 768w, https:\/\/czlowiekszczesliwy.pl\/wp-content\/uploads\/2020\/01\/AdobeStock_250901593-1536x1024.jpeg 1536w, https:\/\/czlowiekszczesliwy.pl\/wp-content\/uploads\/2020\/01\/AdobeStock_250901593-2048x1365.jpeg 2048w\" sizes=\"auto, (max-width: 760px) 100vw, 760px\" \/>\t\t\t\t\t\t\t\t\t\t\t\t\t\t<\/div>\n\t\t\t\t\t\t<\/div>\n\t\t\t\t<\/div>\n\t\t\t\t\t\t<\/div>\n\t\t\t\t\t<\/div>\n\t\t<\/div>\n\t\t\t\t\t\t\t\t<\/div>\n\t\t\t\t\t<\/div>\n\t\t<\/section>\n\t\t\t\t<div class=\"elementor-element elementor-element-50f66d1 elementor-invisible elementor-widget elementor-widget-text-editor\" data-id=\"50f66d1\" data-element_type=\"widget\" data-settings=\"{&quot;_animation&quot;:&quot;fadeInLeft&quot;}\" data-widget_type=\"text-editor.default\">\n\t\t\t\t<div class=\"elementor-widget-container\">\n\t\t\t\t\t\t\t\t<div class=\"elementor-text-editor elementor-clearfix\">\n\t\t\t\t<h5><i><strong>Nasze cia\u0142o zapami\u0119tuje odczuwane emocje.<\/strong><br \/><\/i><\/h5><h5><i>Emocje, kt\u00f3re prze\u017cywamy, powoduj\u0105 powstanie reakcji w ciele. W przypadku kiedy pojawia si\u0119 l\u0119k, stres czy gniew mi\u0119\u015bnie napinaj\u0105 si\u0119. Gdy czujemy si\u0119 bezpiecznie, jeste\u015bmy spokojni i rado\u015bni \u2013 mi\u0119\u015bnie rozlu\u017aniaj\u0105 si\u0119. \u017beby zasz\u0142a kt\u00f3rakolwiek z tych reakcji, dochodzi do zmian w procesach chemicznych na poziomie kom\u00f3rkowym. Tak powstaje pami\u0119\u0107 kom\u00f3rkowa, w kt\u00f3rej zapisane s\u0105 wszelkie wzorce ruchowe, a tak\u017ce ograniczaj\u0105ce nas przekonania czy wierzenia. Przy nagromadzeniu si\u0119 tego typu mikro napi\u0119\u0107, powstaj\u0105 blokady uniemo\u017cliwiaj\u0105ce swobodny przep\u0142yw energii. Ma to wp\u0142yw na funkcjonowanie cia\u0142a i narz\u0105d\u00f3w wewn\u0119trznych. Masa\u017c lomi-lomi bardzo wspiera proces uwalniania pami\u0119ci kom\u00f3rkowej. Ma w\u0142a\u015bciwo\u015bci oczyszczaj\u0105ce. Oznacza to, \u017ce po masa\u017cu nasze relacje z nasz\u0105 osobist\u0105 histori\u0105 mog\u0105 by\u0107 zupe\u0142nie inne, bardziej \u015bwiadome i l\u017cejsze.<\/i><\/h5>\t\t\t\t\t<\/div>\n\t\t\t\t\t\t<\/div>\n\t\t\t\t<\/div>\n\t\t\t\t<section class=\"elementor-section elementor-inner-section elementor-element elementor-element-ea1c4de elementor-section-boxed elementor-section-height-default elementor-section-height-default\" data-id=\"ea1c4de\" data-element_type=\"section\">\n\t\t\t\t\t\t<div class=\"elementor-container elementor-column-gap-default\">\n\t\t\t\t\t\t\t<div class=\"elementor-row\">\n\t\t\t\t\t<div class=\"elementor-column elementor-col-50 elementor-inner-column elementor-element elementor-element-022d693\" data-id=\"022d693\" data-element_type=\"column\">\n\t\t\t<div class=\"elementor-column-wrap elementor-element-populated\">\n\t\t\t\t\t\t\t<div class=\"elementor-widget-wrap\">\n\t\t\t\t\t\t<div class=\"elementor-element elementor-element-610e172 elementor-invisible elementor-widget elementor-widget-image\" data-id=\"610e172\" data-element_type=\"widget\" data-settings=\"{&quot;_animation&quot;:&quot;fadeInLeft&quot;}\" data-widget_type=\"image.default\">\n\t\t\t\t<div class=\"elementor-widget-container\">\n\t\t\t\t\t\t\t\t<div class=\"elementor-image\">\n\t\t\t\t\t\t\t\t\t\t\t\t<img loading=\"lazy\" decoding=\"async\" width=\"760\" height=\"507\" src=\"https:\/\/czlowiekszczesliwy.pl\/wp-content\/uploads\/2020\/01\/AdobeStock_93604145-1024x683.jpeg\" class=\"attachment-large size-large\" alt=\"\" srcset=\"https:\/\/czlowiekszczesliwy.pl\/wp-content\/uploads\/2020\/01\/AdobeStock_93604145-1024x683.jpeg 1024w, https:\/\/czlowiekszczesliwy.pl\/wp-content\/uploads\/2020\/01\/AdobeStock_93604145-300x200.jpeg 300w, https:\/\/czlowiekszczesliwy.pl\/wp-content\/uploads\/2020\/01\/AdobeStock_93604145-768x512.jpeg 768w, https:\/\/czlowiekszczesliwy.pl\/wp-content\/uploads\/2020\/01\/AdobeStock_93604145-1536x1024.jpeg 1536w, https:\/\/czlowiekszczesliwy.pl\/wp-content\/uploads\/2020\/01\/AdobeStock_93604145-2048x1365.jpeg 2048w\" sizes=\"auto, (max-width: 760px) 100vw, 760px\" \/>\t\t\t\t\t\t\t\t\t\t\t\t\t\t<\/div>\n\t\t\t\t\t\t<\/div>\n\t\t\t\t<\/div>\n\t\t\t\t\t\t<\/div>\n\t\t\t\t\t<\/div>\n\t\t<\/div>\n\t\t\t\t<div class=\"elementor-column elementor-col-50 elementor-inner-column elementor-element elementor-element-281c335\" data-id=\"281c335\" data-element_type=\"column\">\n\t\t\t<div class=\"elementor-column-wrap elementor-element-populated\">\n\t\t\t\t\t\t\t<div class=\"elementor-widget-wrap\">\n\t\t\t\t\t\t<div class=\"elementor-element elementor-element-9b310a5 elementor-invisible elementor-widget elementor-widget-image\" data-id=\"9b310a5\" data-element_type=\"widget\" data-settings=\"{&quot;_animation&quot;:&quot;fadeInRight&quot;}\" data-widget_type=\"image.default\">\n\t\t\t\t<div class=\"elementor-widget-container\">\n\t\t\t\t\t\t\t\t<div class=\"elementor-image\">\n\t\t\t\t\t\t\t\t\t\t\t\t<img loading=\"lazy\" decoding=\"async\" width=\"760\" height=\"507\" src=\"https:\/\/czlowiekszczesliwy.pl\/wp-content\/uploads\/2020\/01\/AdobeStock_60752692-1024x683.jpeg\" class=\"attachment-large size-large\" alt=\"\" srcset=\"https:\/\/czlowiekszczesliwy.pl\/wp-content\/uploads\/2020\/01\/AdobeStock_60752692-1024x683.jpeg 1024w, https:\/\/czlowiekszczesliwy.pl\/wp-content\/uploads\/2020\/01\/AdobeStock_60752692-300x200.jpeg 300w, https:\/\/czlowiekszczesliwy.pl\/wp-content\/uploads\/2020\/01\/AdobeStock_60752692-768x512.jpeg 768w, https:\/\/czlowiekszczesliwy.pl\/wp-content\/uploads\/2020\/01\/AdobeStock_60752692-1536x1024.jpeg 1536w, https:\/\/czlowiekszczesliwy.pl\/wp-content\/uploads\/2020\/01\/AdobeStock_60752692-2048x1365.jpeg 2048w\" sizes=\"auto, (max-width: 760px) 100vw, 760px\" \/>\t\t\t\t\t\t\t\t\t\t\t\t\t\t<\/div>\n\t\t\t\t\t\t<\/div>\n\t\t\t\t<\/div>\n\t\t\t\t\t\t<\/div>\n\t\t\t\t\t<\/div>\n\t\t<\/div>\n\t\t\t\t\t\t\t\t<\/div>\n\t\t\t\t\t<\/div>\n\t\t<\/section>\n\t\t\t\t<div class=\"elementor-element elementor-element-9469111 elementor-invisible elementor-widget elementor-widget-text-editor\" data-id=\"9469111\" data-element_type=\"widget\" data-settings=\"{&quot;_animation&quot;:&quot;fadeInLeft&quot;}\" data-widget_type=\"text-editor.default\">\n\t\t\t\t<div class=\"elementor-widget-container\">\n\t\t\t\t\t\t\t\t<div class=\"elementor-text-editor elementor-clearfix\">\n\t\t\t\t<h5><i>Jako masa\u017cysta lomi-lomi mam na uwadze g\u0142\u00f3wnie prac\u0119 z przep\u0142ywem energii w ciele. Hawajska filozofia HUNY m\u00f3wi, \u017ce wszystko jest energi\u0105, tylko w r\u00f3\u017cnym stanie skupienia. Osoby, kt\u00f3re preferuj\u0105 autorytety ze \u015bwiata nauki, odnajd\u0105 potwierdzenie w podstawach fizyki kwantowej. Masa\u017c to nie tylko techniczna praca z cia\u0142em i aparatem ruchu. Bardzo istotna jest uwa\u017cno\u015b\u0107 i \u015bwiadoma obecno\u015b\u0107. Jak m\u00f3wi\u0105 Hawajczycy \u2013 energia pod\u0105\u017ca za uwag\u0105. Skupienie naszej uwagi na ciele, \u015bwiadomy kontakt z cia\u0142em w po\u0142\u0105czeniu z odpowiednim oddechem, przynosz\u0105 znacznie g\u0142\u0119bsze efekty.<\/i><\/h5>\t\t\t\t\t<\/div>\n\t\t\t\t\t\t<\/div>\n\t\t\t\t<\/div>\n\t\t\t\t<section class=\"elementor-section elementor-inner-section elementor-element elementor-element-dec9c08 elementor-section-boxed elementor-section-height-default elementor-section-height-default\" data-id=\"dec9c08\" data-element_type=\"section\">\n\t\t\t\t\t\t<div class=\"elementor-container elementor-column-gap-default\">\n\t\t\t\t\t\t\t<div class=\"elementor-row\">\n\t\t\t\t\t<div class=\"elementor-column elementor-col-50 elementor-inner-column elementor-element elementor-element-bc362ce\" data-id=\"bc362ce\" data-element_type=\"column\">\n\t\t\t<div class=\"elementor-column-wrap elementor-element-populated\">\n\t\t\t\t\t\t\t<div class=\"elementor-widget-wrap\">\n\t\t\t\t\t\t<div class=\"elementor-element elementor-element-962c273 elementor-invisible elementor-widget elementor-widget-image\" data-id=\"962c273\" data-element_type=\"widget\" data-settings=\"{&quot;_animation&quot;:&quot;fadeInLeft&quot;}\" data-widget_type=\"image.default\">\n\t\t\t\t<div class=\"elementor-widget-container\">\n\t\t\t\t\t\t\t\t<div class=\"elementor-image\">\n\t\t\t\t\t\t\t\t\t\t\t\t<img loading=\"lazy\" decoding=\"async\" width=\"760\" height=\"507\" src=\"https:\/\/czlowiekszczesliwy.pl\/wp-content\/uploads\/2020\/02\/DSC0023-1024x683.jpg\" class=\"attachment-large size-large\" alt=\"\" srcset=\"https:\/\/czlowiekszczesliwy.pl\/wp-content\/uploads\/2020\/02\/DSC0023-1024x683.jpg 1024w, https:\/\/czlowiekszczesliwy.pl\/wp-content\/uploads\/2020\/02\/DSC0023-300x200.jpg 300w, https:\/\/czlowiekszczesliwy.pl\/wp-content\/uploads\/2020\/02\/DSC0023-768x512.jpg 768w, https:\/\/czlowiekszczesliwy.pl\/wp-content\/uploads\/2020\/02\/DSC0023-1536x1024.jpg 1536w, https:\/\/czlowiekszczesliwy.pl\/wp-content\/uploads\/2020\/02\/DSC0023-2048x1365.jpg 2048w\" sizes=\"auto, (max-width: 760px) 100vw, 760px\" \/>\t\t\t\t\t\t\t\t\t\t\t\t\t\t<\/div>\n\t\t\t\t\t\t<\/div>\n\t\t\t\t<\/div>\n\t\t\t\t\t\t<\/div>\n\t\t\t\t\t<\/div>\n\t\t<\/div>\n\t\t\t\t<div class=\"elementor-column elementor-col-50 elementor-inner-column elementor-element elementor-element-1b09970\" data-id=\"1b09970\" data-element_type=\"column\">\n\t\t\t<div class=\"elementor-column-wrap elementor-element-populated\">\n\t\t\t\t\t\t\t<div class=\"elementor-widget-wrap\">\n\t\t\t\t\t\t<div class=\"elementor-element elementor-element-db423f2 elementor-invisible elementor-widget elementor-widget-image\" data-id=\"db423f2\" data-element_type=\"widget\" data-settings=\"{&quot;_animation&quot;:&quot;fadeInRight&quot;}\" data-widget_type=\"image.default\">\n\t\t\t\t<div class=\"elementor-widget-container\">\n\t\t\t\t\t\t\t\t<div class=\"elementor-image\">\n\t\t\t\t\t\t\t\t\t\t\t\t<img loading=\"lazy\" decoding=\"async\" width=\"760\" height=\"507\" src=\"https:\/\/czlowiekszczesliwy.pl\/wp-content\/uploads\/2020\/01\/AdobeStock_90452380-1024x683.jpeg\" class=\"attachment-large size-large\" alt=\"\" srcset=\"https:\/\/czlowiekszczesliwy.pl\/wp-content\/uploads\/2020\/01\/AdobeStock_90452380-1024x683.jpeg 1024w, https:\/\/czlowiekszczesliwy.pl\/wp-content\/uploads\/2020\/01\/AdobeStock_90452380-300x200.jpeg 300w, https:\/\/czlowiekszczesliwy.pl\/wp-content\/uploads\/2020\/01\/AdobeStock_90452380-768x512.jpeg 768w, https:\/\/czlowiekszczesliwy.pl\/wp-content\/uploads\/2020\/01\/AdobeStock_90452380-1536x1024.jpeg 1536w, https:\/\/czlowiekszczesliwy.pl\/wp-content\/uploads\/2020\/01\/AdobeStock_90452380-2048x1365.jpeg 2048w\" sizes=\"auto, (max-width: 760px) 100vw, 760px\" \/>\t\t\t\t\t\t\t\t\t\t\t\t\t\t<\/div>\n\t\t\t\t\t\t<\/div>\n\t\t\t\t<\/div>\n\t\t\t\t\t\t<\/div>\n\t\t\t\t\t<\/div>\n\t\t<\/div>\n\t\t\t\t\t\t\t\t<\/div>\n\t\t\t\t\t<\/div>\n\t\t<\/section>\n\t\t\t\t<div class=\"elementor-element elementor-element-3835bd6 elementor-invisible elementor-widget elementor-widget-text-editor\" data-id=\"3835bd6\" data-element_type=\"widget\" data-settings=\"{&quot;_animation&quot;:&quot;fadeInLeft&quot;}\" data-widget_type=\"text-editor.default\">\n\t\t\t\t<div class=\"elementor-widget-container\">\n\t\t\t\t\t\t\t\t<div class=\"elementor-text-editor elementor-clearfix\">\n\t\t\t\t<h5><strong> <i>Co sprawia, \u017ce masa\u017c lomi-lomi jest taki wyj\u0105tkowy? <\/i><\/strong><\/h5>\n<h5><i>G\u0142\u00f3wnym czynnikiem jest tworzenie przestrzeni akceptacji, empatii i mi\u0142o\u015bci. Traktowanie cia\u0142a, jak \u015bwi\u0105tyni jego Ducha. Cz\u0119sto m\u00f3wi si\u0119 o nim, \u017ce jest to masa\u017c kochaj\u0105cych d\u0142oni. W takich warunkach najszybciej wracamy do siebie. Cia\u0142o, umys\u0142 i dusza zaczynaj\u0105 si\u0119 ze sob\u0105 harmonijnie komunikowa\u0107. Hawajczycy m\u00f3wi\u0105, \u017ce uzdrawianie wyp\u0142ywa z naszego wn\u0119trza dzi\u0119ki mi\u0142o\u015bci. To nie masa\u017cysta jest uzdrowicielem. On tylko pomaga stworzy\u0107 wok\u00f3\u0142 nas optymalne warunki do tego, aby nasz organizm m\u00f3g\u0142 zacz\u0105\u0107 si\u0119 regenerowa\u0107, uzdrawia\u0107 i powraca\u0107 do harmonii.<\/i><\/h5>\t\t\t\t\t<\/div>\n\t\t\t\t\t\t<\/div>\n\t\t\t\t<\/div>\n\t\t\t\t<div class=\"elementor-element elementor-element-639254f6 elementor-invisible elementor-widget elementor-widget-text-editor\" data-id=\"639254f6\" data-element_type=\"widget\" data-settings=\"{&quot;_animation&quot;:&quot;fadeInLeft&quot;}\" data-widget_type=\"text-editor.default\">\n\t\t\t\t<div class=\"elementor-widget-container\">\n\t\t\t\t\t\t\t\t<div class=\"elementor-text-editor elementor-clearfix\">\n\t\t\t\t\t\t\t\t\t<\/div>\n\t\t\t\t\t\t<\/div>\n\t\t\t\t<\/div>\n\t\t\t\t<div class=\"elementor-element elementor-element-920b009 elementor-invisible elementor-widget elementor-widget-image\" data-id=\"920b009\" data-element_type=\"widget\" data-settings=\"{&quot;_animation&quot;:&quot;fadeInRight&quot;}\" data-widget_type=\"image.default\">\n\t\t\t\t<div class=\"elementor-widget-container\">\n\t\t\t\t\t\t\t\t<div class=\"elementor-image\">\n\t\t\t\t\t\t\t\t\t\t\t\t<img loading=\"lazy\" decoding=\"async\" width=\"760\" height=\"424\" src=\"https:\/\/czlowiekszczesliwy.pl\/wp-content\/uploads\/2021\/12\/DSC0016_-2-1024x571.jpg\" class=\"attachment-large size-large\" alt=\"\" srcset=\"https:\/\/czlowiekszczesliwy.pl\/wp-content\/uploads\/2021\/12\/DSC0016_-2-1024x571.jpg 1024w, https:\/\/czlowiekszczesliwy.pl\/wp-content\/uploads\/2021\/12\/DSC0016_-2-300x167.jpg 300w, https:\/\/czlowiekszczesliwy.pl\/wp-content\/uploads\/2021\/12\/DSC0016_-2-768x428.jpg 768w, https:\/\/czlowiekszczesliwy.pl\/wp-content\/uploads\/2021\/12\/DSC0016_-2-1536x856.jpg 1536w, https:\/\/czlowiekszczesliwy.pl\/wp-content\/uploads\/2021\/12\/DSC0016_-2-2048x1142.jpg 2048w\" sizes=\"auto, (max-width: 760px) 100vw, 760px\" \/>\t\t\t\t\t\t\t\t\t\t\t\t\t\t<\/div>\n\t\t\t\t\t\t<\/div>\n\t\t\t\t<\/div>\n\t\t\t\t<div class=\"elementor-element elementor-element-650bbdc elementor-invisible elementor-widget elementor-widget-text-editor\" data-id=\"650bbdc\" data-element_type=\"widget\" data-settings=\"{&quot;_animation&quot;:&quot;fadeInLeft&quot;}\" data-widget_type=\"text-editor.default\">\n\t\t\t\t<div class=\"elementor-widget-container\">\n\t\t\t\t\t\t\t\t<div class=\"elementor-text-editor elementor-clearfix\">\n\t\t\t\t<h5><em><strong>Je\u015bli czujesz, \u017ce jest to co\u015b dla Ciebie \u2026 napisz do mnie. <br><\/strong><\/em><\/h5>\n<h5><em>Zapraszam na pierwszy masa\u017c w specjalnej cenie do mojej \u201e<strong>Przestrzeni Empatii i Rozwoju<\/strong>\u201d w Warszawie. <br><strong>Czekam na wiadomo\u015b\u0107 od Ciebie \u2026<\/strong><\/em><\/h5>\n<h5 class=\"has-text-color has-medium-font-size has-vivid-cyan-blue-color\"><a href=\"https:\/\/czlowiekszczesliwy.pl\/index.php\/kontakt\/\"><em>Kontakt \u2026<\/em><\/a><\/h5>\t\t\t\t\t<\/div>\n\t\t\t\t\t\t<\/div>\n\t\t\t\t<\/div>\n\t\t\t\t\t\t<\/div>\n\t\t\t\t\t<\/div>\n\t\t<\/div>\n\t\t\t\t\t\t\t\t<\/div>\n\t\t\t\t\t<\/div>\n\t\t<\/section>\n\t\t\t\t\t\t\t\t\t<\/div>\n\t\t\t<\/div>\n\t\t\t\t\t<\/div>\n\t\t","protected":false},"excerpt":{"rendered":"<p>Masa\u017c Lomi-lomi &#8230; dotyk, kt\u00f3ry budzi Dusz\u0119. Jest to pot\u0119\u017cne narz\u0119dzie wspieraj\u0105ce nas, je\u015bli potrzebujemy zmiany, szukamy inspiracji, wchodzimy w nowy etap w swoim \u017cyciu &hellip;<\/p>\n","protected":false},"author":1,"featured_media":2309,"parent":0,"menu_order":0,"comment_status":"closed","ping_status":"closed","template":"elementor_header_footer","meta":{"footnotes":""},"class_list":["post-2307","page","type-page","status-publish","has-post-thumbnail","hentry"],"jetpack_sharing_enabled":true,"_links":{"self":[{"href":"https:\/\/czlowiekszczesliwy.pl\/index.php\/wp-json\/wp\/v2\/pages\/2307","targetHints":{"allow":["GET"]}}],"collection":[{"href":"https:\/\/czlowiekszczesliwy.pl\/index.php\/wp-json\/wp\/v2\/pages"}],"about":[{"href":"https:\/\/czlowiekszczesliwy.pl\/index.php\/wp-json\/wp\/v2\/types\/page"}],"author":[{"embeddable":true,"href":"https:\/\/czlowiekszczesliwy.pl\/index.php\/wp-json\/wp\/v2\/users\/1"}],"replies":[{"embeddable":true,"href":"https:\/\/czlowiekszczesliwy.pl\/index.php\/wp-json\/wp\/v2\/comments?post=2307"}],"version-history":[{"count":82,"href":"https:\/\/czlowiekszczesliwy.pl\/index.php\/wp-json\/wp\/v2\/pages\/2307\/revisions"}],"predecessor-version":[{"id":3251,"href":"https:\/\/czlowiekszczesliwy.pl\/index.php\/wp-json\/wp\/v2\/pages\/2307\/revisions\/3251"}],"wp:featuredmedia":[{"embeddable":true,"href":"https:\/\/czlowiekszczesliwy.pl\/index.php\/wp-json\/wp\/v2\/media\/2309"}],"wp:attachment":[{"href":"https:\/\/czlowiekszczesliwy.pl\/index.php\/wp-json\/wp\/v2\/media?parent=2307"}],"curies":[{"name":"wp","href":"https:\/\/api.w.org\/{rel}","templated":true}]}}