{"id":2879,"date":"2022-10-23T12:33:23","date_gmt":"2022-10-23T12:33:23","guid":{"rendered":"https:\/\/czlowiekszczesliwy.pl\/?page_id=2879"},"modified":"2024-03-11T08:17:25","modified_gmt":"2024-03-11T08:17:25","slug":"krag-kobiet-i-mezczyzn","status":"publish","type":"page","link":"https:\/\/czlowiekszczesliwy.pl\/index.php\/krag-kobiet-i-mezczyzn\/","title":{"rendered":"Kr\u0105g Kobiet i M\u0119\u017cczyzn\u200b"},"content":{"rendered":"\t\t<div data-elementor-type=\"wp-page\" data-elementor-id=\"2879\" class=\"elementor elementor-2879\">\n\t\t\t\t\t\t<div class=\"elementor-inner\">\n\t\t\t\t<div class=\"elementor-section-wrap\">\n\t\t\t\t\t\t\t\t\t<section class=\"elementor-section elementor-top-section elementor-element elementor-element-71d3524 elementor-section-boxed elementor-section-height-default elementor-section-height-default\" data-id=\"71d3524\" data-element_type=\"section\">\n\t\t\t\t\t\t<div class=\"elementor-container elementor-column-gap-default\">\n\t\t\t\t\t\t\t<div class=\"elementor-row\">\n\t\t\t\t\t<div class=\"elementor-column elementor-col-100 elementor-top-column elementor-element elementor-element-56ff7f9\" data-id=\"56ff7f9\" data-element_type=\"column\">\n\t\t\t<div class=\"elementor-column-wrap elementor-element-populated\">\n\t\t\t\t\t\t\t<div class=\"elementor-widget-wrap\">\n\t\t\t\t\t\t<div class=\"elementor-element elementor-element-10961de elementor-widget elementor-widget-heading\" data-id=\"10961de\" data-element_type=\"widget\" data-widget_type=\"heading.default\">\n\t\t\t\t<div class=\"elementor-widget-container\">\n\t\t\t<h2 class=\"elementor-heading-title elementor-size-default\"><br>Usi\u0105d\u017a z nami w Kr\u0119gu Kobiet i M\u0119\u017cczyzn<\/h2>\t\t<\/div>\n\t\t\t\t<\/div>\n\t\t\t\t<div class=\"elementor-element elementor-element-7a3f665 elementor-widget elementor-widget-text-editor\" data-id=\"7a3f665\" data-element_type=\"widget\" data-widget_type=\"text-editor.default\">\n\t\t\t\t<div class=\"elementor-widget-container\">\n\t\t\t\t\t\t\t\t<div class=\"elementor-text-editor elementor-clearfix\">\n\t\t\t\t<h6><span dir=\"auto\">Kr\u0105g trzymaj\u0105\u00a0 <strong>Marta \u015alusarska i Tomasz Walczak<\/strong><\/span><\/h6>\t\t\t\t\t<\/div>\n\t\t\t\t\t\t<\/div>\n\t\t\t\t<\/div>\n\t\t\t\t\t\t<\/div>\n\t\t\t\t\t<\/div>\n\t\t<\/div>\n\t\t\t\t\t\t\t\t<\/div>\n\t\t\t\t\t<\/div>\n\t\t<\/section>\n\t\t\t\t<section class=\"elementor-section elementor-top-section elementor-element elementor-element-0dbeccb elementor-section-boxed elementor-section-height-default elementor-section-height-default\" data-id=\"0dbeccb\" data-element_type=\"section\">\n\t\t\t\t\t\t<div class=\"elementor-container elementor-column-gap-default\">\n\t\t\t\t\t\t\t<div class=\"elementor-row\">\n\t\t\t\t\t<div class=\"elementor-column elementor-col-100 elementor-top-column elementor-element elementor-element-7916bda\" data-id=\"7916bda\" data-element_type=\"column\">\n\t\t\t<div class=\"elementor-column-wrap elementor-element-populated\">\n\t\t\t\t\t\t\t<div class=\"elementor-widget-wrap\">\n\t\t\t\t\t\t<div class=\"elementor-element elementor-element-c8171e2 elementor-widget elementor-widget-spacer\" data-id=\"c8171e2\" data-element_type=\"widget\" data-widget_type=\"spacer.default\">\n\t\t\t\t<div class=\"elementor-widget-container\">\n\t\t\t\t\t<div class=\"elementor-spacer\">\n\t\t\t<div class=\"elementor-spacer-inner\"><\/div>\n\t\t<\/div>\n\t\t\t\t<\/div>\n\t\t\t\t<\/div>\n\t\t\t\t\t\t<\/div>\n\t\t\t\t\t<\/div>\n\t\t<\/div>\n\t\t\t\t\t\t\t\t<\/div>\n\t\t\t\t\t<\/div>\n\t\t<\/section>\n\t\t\t\t<section class=\"elementor-section elementor-top-section elementor-element elementor-element-72c076f elementor-section-boxed elementor-section-height-default elementor-section-height-default\" data-id=\"72c076f\" data-element_type=\"section\">\n\t\t\t\t\t\t<div class=\"elementor-container elementor-column-gap-default\">\n\t\t\t\t\t\t\t<div class=\"elementor-row\">\n\t\t\t\t\t<div class=\"elementor-column elementor-col-100 elementor-top-column elementor-element elementor-element-69bf43b\" data-id=\"69bf43b\" data-element_type=\"column\">\n\t\t\t<div class=\"elementor-column-wrap elementor-element-populated\">\n\t\t\t\t\t\t\t<div class=\"elementor-widget-wrap\">\n\t\t\t\t\t\t<div class=\"elementor-element elementor-element-71f2973 elementor-widget elementor-widget-text-editor\" data-id=\"71f2973\" data-element_type=\"widget\" data-widget_type=\"text-editor.default\">\n\t\t\t\t<div class=\"elementor-widget-container\">\n\t\t\t\t\t\t\t\t<div class=\"elementor-text-editor elementor-clearfix\">\n\t\t\t\t<p>Zapraszamy na comiesi\u0119czne spotkania w Warszawie, na \u017cywo, do bezpiecznej przestrzeni, gdzie usi\u0105dziemy, kobiety i m\u0119\u017cczy\u017ani, rami\u0119 przy ramieniu by zobaczy\u0107 i us\u0142ysze\u0107 si\u0119 w szacunku i otwarto\u015bci, pozna\u0107 i oswoi\u0107 to co nieznane, wesprze\u0107 i otrzyma\u0107 wsparcie.<\/p>\n<div>&nbsp;<\/div>\n<div>Spotka\u0107 si\u0119 z tym co jest w Nas \u017cywe, co Nas porusza, co jest wa\u017cne teraz.<\/div>\n<p>Podczas dzielenia si\u0119 w kr\u0119gu, zaprosimy Ci\u0119 do pozostawania w byciu i czuciu, poprzez uwa\u017cno\u015b\u0107 na sygna\u0142y z cia\u0142a, uwa\u017cno\u015b\u0107 na oddech, danie sobie i innym czasu by w\u0142a\u015bciwe s\u0142owa si\u0119 znalaz\u0142y i wybrzmia\u0142y.<\/p>\n<div>\n<div dir=\"auto\">\n<div data-ad-comet-preview=\"message\" data-ad-preview=\"message\">\n<div>\n<div>\n<div>\n<div dir=\"auto\" style=\"text-align: start;\">Chcieliby\u015bmy, \u017ceby ten czas by\u0142 chwil\u0105 zatrzymania i rozejrzenia wok\u00f3\u0142.<\/div>\n<div dir=\"auto\" style=\"text-align: start;\">Rozejrzenia w sobie. Us\u0142yszenia siebie.<\/div>\n<div dir=\"auto\" style=\"text-align: start;\">Rozlu\u017anienia.<\/div>\n<div dir=\"auto\" style=\"text-align: start;\">Od\u0142o\u017cenia na chwil\u0119 tego, co niesiesz na co dzie\u0144.<\/div>\n<div dir=\"auto\" style=\"text-align: start;\">Dotarcia do tego, co wa\u017cne teraz.<\/div>\n<div dir=\"auto\" style=\"text-align: start;\">Dotarcia do zasob\u00f3w, do tego co wspieraj\u0105ce.<\/div>\n<div dir=\"auto\" style=\"text-align: start;\">Dotarcia tam, gdzie dawno Ci\u0119 nie by\u0142o\u2026<\/div>\n<\/div>\n<div>\n<div dir=\"auto\" style=\"text-align: start;\">Niech ten Kr\u0105g b\u0119dzie bezpieczn\u0105 przestrzeni\u0105, do kt\u00f3rej przyniesiesz dar swojej obecno\u015bci i opowie\u015b\u0107 o tym z czym jeste\u015b, by do\u015bwiadczy\u0107 jak to jest by\u0107 s\u0142uchanym i przyj\u0119tym.<\/div>\n<\/div>\n<div>\n<div dir=\"auto\" style=\"text-align: start;\">&nbsp;<\/div>\n<div dir=\"auto\" style=\"text-align: start;\">Siadamy razem w duchu \u0142\u0105czenia, a nie dzielenia.<\/div>\n<div dir=\"auto\" style=\"text-align: start;\">W duchu nieoceniania.<\/div>\n<div dir=\"auto\" style=\"text-align: start;\">W duchu wzajemnego szacunku, otwarto\u015bci na pogl\u0105dy i opinie inne, ni\u017c w\u0142asne.<\/div>\n<div dir=\"auto\" style=\"text-align: start;\">W duchu jedno\u015bci z Natur\u0105 i szacunku dla niej.<\/div>\n<div dir=\"auto\" style=\"text-align: start;\">&nbsp;<\/div>\n<div dir=\"auto\" style=\"text-align: start;\">Ten Kr\u0105g to miejsce, w kt\u00f3rym nikt niczego nie musi.<\/div>\n<div dir=\"auto\" style=\"text-align: start;\">Wystarczy tylko by\u0107.<\/div>\n<\/div>\n<div>\n<div dir=\"auto\" style=\"text-align: start;\">Je\u015bli czujesz, \u017ce to jest co\u015b co Ci\u0119 przyci\u0105ga &#8211; przyjd\u017a!<\/div><div dir=\"auto\" style=\"text-align: start;\"><br><\/div>\n<\/div>\n<\/div>\n<\/div>\n<\/div>\n<\/div>\n<\/div>\t\t\t\t\t<\/div>\n\t\t\t\t\t\t<\/div>\n\t\t\t\t<\/div>\n\t\t\t\t\t\t<\/div>\n\t\t\t\t\t<\/div>\n\t\t<\/div>\n\t\t\t\t\t\t\t\t<\/div>\n\t\t\t\t\t<\/div>\n\t\t<\/section>\n\t\t\t\t<section class=\"elementor-section elementor-top-section elementor-element elementor-element-afe0f04 elementor-section-boxed elementor-section-height-default elementor-section-height-default\" data-id=\"afe0f04\" data-element_type=\"section\">\n\t\t\t\t\t\t<div class=\"elementor-container elementor-column-gap-default\">\n\t\t\t\t\t\t\t<div class=\"elementor-row\">\n\t\t\t\t\t<div class=\"elementor-column elementor-col-100 elementor-top-column elementor-element elementor-element-64f408b\" data-id=\"64f408b\" data-element_type=\"column\">\n\t\t\t<div class=\"elementor-column-wrap elementor-element-populated\">\n\t\t\t\t\t\t\t<div class=\"elementor-widget-wrap\">\n\t\t\t\t\t\t<div class=\"elementor-element elementor-element-dcd3083 elementor-widget elementor-widget-spacer\" data-id=\"dcd3083\" data-element_type=\"widget\" data-widget_type=\"spacer.default\">\n\t\t\t\t<div class=\"elementor-widget-container\">\n\t\t\t\t\t<div class=\"elementor-spacer\">\n\t\t\t<div class=\"elementor-spacer-inner\"><\/div>\n\t\t<\/div>\n\t\t\t\t<\/div>\n\t\t\t\t<\/div>\n\t\t\t\t\t\t<\/div>\n\t\t\t\t\t<\/div>\n\t\t<\/div>\n\t\t\t\t\t\t\t\t<\/div>\n\t\t\t\t\t<\/div>\n\t\t<\/section>\n\t\t\t\t<section class=\"elementor-section elementor-top-section elementor-element elementor-element-46f4092 elementor-section-boxed elementor-section-height-default elementor-section-height-default\" data-id=\"46f4092\" data-element_type=\"section\">\n\t\t\t\t\t\t<div class=\"elementor-container elementor-column-gap-default\">\n\t\t\t\t\t\t\t<div class=\"elementor-row\">\n\t\t\t\t\t<div class=\"elementor-column elementor-col-100 elementor-top-column elementor-element elementor-element-2e3018d\" data-id=\"2e3018d\" data-element_type=\"column\">\n\t\t\t<div class=\"elementor-column-wrap elementor-element-populated\">\n\t\t\t\t\t\t\t<div class=\"elementor-widget-wrap\">\n\t\t\t\t\t\t<div class=\"elementor-element elementor-element-bcd937c elementor-widget elementor-widget-text-editor\" data-id=\"bcd937c\" data-element_type=\"widget\" data-widget_type=\"text-editor.default\">\n\t\t\t\t<div class=\"elementor-widget-container\">\n\t\t\t\t\t\t\t\t<div class=\"elementor-text-editor elementor-clearfix\">\n\t\t\t\t<p><strong>MIEJSCE<\/strong><br>Warszawa-\u015ar\u00f3dmie\u015bcie. Dok\u0142adny adres podamy w mailu osobom, kt\u00f3re si\u0119 zapisz\u0105.<\/p>\n<p><br><\/p>\n<p><\/p>\n<p><strong>CZAS<\/strong><br>Trzeci wtorek miesi\u0105ca, godz. <strong>18:15 &#8211; 21:30<\/strong><\/p>\n<p><b>&nbsp;<\/b><\/p>\n<p><strong>WYMIANA<\/strong><br><strong>50 z\u0142<\/strong> na pokrycie koszt\u00f3w wynajmu sali i organizacji wydarzenia (p\u0142atne na miejscu, got\u00f3wk\u0105)<\/p>\n<p><br><\/p>\n<p><\/p>\n<p><strong>ZAPISY<\/strong><br>Swoj\u0105 ch\u0119\u0107 udzia\u0142u zg\u0142o\u015b mailem na adres:<br><strong>&#x77;&#x79;&#x64;&#x61;&#x72;&#x7a;&#x65;&#x6e;&#x69;&#x65;&#x40;&#x6d;&#x61;&#x72;&#x74;&#x61;&#x73;&#x6c;&#x75;&#x73;&#x61;&#x72;&#x73;&#x6b;&#x61;&#x2e;&#x70;&#x6c;<\/strong><\/p>\n<p><b>&nbsp;<\/b><\/p>\n<p><\/p>\n<p><strong>Zapraszamy Marta i Tomek<\/strong><\/p>\n<p><strong><br><\/strong><\/p>\n<p><\/p>\t\t\t\t\t<\/div>\n\t\t\t\t\t\t<\/div>\n\t\t\t\t<\/div>\n\t\t\t\t\t\t<\/div>\n\t\t\t\t\t<\/div>\n\t\t<\/div>\n\t\t\t\t\t\t\t\t<\/div>\n\t\t\t\t\t<\/div>\n\t\t<\/section>\n\t\t\t\t<section class=\"elementor-section elementor-top-section elementor-element elementor-element-9b21d09 elementor-section-boxed elementor-section-height-default elementor-section-height-default\" data-id=\"9b21d09\" data-element_type=\"section\">\n\t\t\t\t\t\t<div class=\"elementor-container elementor-column-gap-default\">\n\t\t\t\t\t\t\t<div class=\"elementor-row\">\n\t\t\t\t\t<div class=\"elementor-column elementor-col-100 elementor-top-column elementor-element elementor-element-bb356ed\" data-id=\"bb356ed\" data-element_type=\"column\">\n\t\t\t<div class=\"elementor-column-wrap elementor-element-populated\">\n\t\t\t\t\t\t\t<div class=\"elementor-widget-wrap\">\n\t\t\t\t\t\t<div class=\"elementor-element elementor-element-40cdbfd elementor-widget elementor-widget-spacer\" data-id=\"40cdbfd\" data-element_type=\"widget\" data-widget_type=\"spacer.default\">\n\t\t\t\t<div class=\"elementor-widget-container\">\n\t\t\t\t\t<div class=\"elementor-spacer\">\n\t\t\t<div class=\"elementor-spacer-inner\"><\/div>\n\t\t<\/div>\n\t\t\t\t<\/div>\n\t\t\t\t<\/div>\n\t\t\t\t\t\t<\/div>\n\t\t\t\t\t<\/div>\n\t\t<\/div>\n\t\t\t\t\t\t\t\t<\/div>\n\t\t\t\t\t<\/div>\n\t\t<\/section>\n\t\t\t\t\t\t\t\t\t<\/div>\n\t\t\t<\/div>\n\t\t\t\t\t<\/div>\n\t\t","protected":false},"excerpt":{"rendered":"<p>Usi\u0105d\u017a z nami w Kr\u0119gu Kobiet i M\u0119\u017cczyzn Kr\u0105g trzymaj\u0105\u00a0 Marta \u015alusarska i Tomasz Walczak Zapraszamy na comiesi\u0119czne spotkania w Warszawie, na \u017cywo, do bezpiecznej &hellip;<\/p>\n","protected":false},"author":1,"featured_media":2887,"parent":0,"menu_order":0,"comment_status":"closed","ping_status":"closed","template":"elementor_header_footer","meta":{"footnotes":""},"class_list":["post-2879","page","type-page","status-publish","has-post-thumbnail","hentry"],"jetpack_sharing_enabled":true,"_links":{"self":[{"href":"https:\/\/czlowiekszczesliwy.pl\/index.php\/wp-json\/wp\/v2\/pages\/2879","targetHints":{"allow":["GET"]}}],"collection":[{"href":"https:\/\/czlowiekszczesliwy.pl\/index.php\/wp-json\/wp\/v2\/pages"}],"about":[{"href":"https:\/\/czlowiekszczesliwy.pl\/index.php\/wp-json\/wp\/v2\/types\/page"}],"author":[{"embeddable":true,"href":"https:\/\/czlowiekszczesliwy.pl\/index.php\/wp-json\/wp\/v2\/users\/1"}],"replies":[{"embeddable":true,"href":"https:\/\/czlowiekszczesliwy.pl\/index.php\/wp-json\/wp\/v2\/comments?post=2879"}],"version-history":[{"count":67,"href":"https:\/\/czlowiekszczesliwy.pl\/index.php\/wp-json\/wp\/v2\/pages\/2879\/revisions"}],"predecessor-version":[{"id":3280,"href":"https:\/\/czlowiekszczesliwy.pl\/index.php\/wp-json\/wp\/v2\/pages\/2879\/revisions\/3280"}],"wp:featuredmedia":[{"embeddable":true,"href":"https:\/\/czlowiekszczesliwy.pl\/index.php\/wp-json\/wp\/v2\/media\/2887"}],"wp:attachment":[{"href":"https:\/\/czlowiekszczesliwy.pl\/index.php\/wp-json\/wp\/v2\/media?parent=2879"}],"curies":[{"name":"wp","href":"https:\/\/api.w.org\/{rel}","templated":true}]}}