{"id":2984,"date":"2022-10-28T10:00:04","date_gmt":"2022-10-28T10:00:04","guid":{"rendered":"https:\/\/czlowiekszczesliwy.pl\/?page_id=2984"},"modified":"2024-03-11T07:59:49","modified_gmt":"2024-03-11T07:59:49","slug":"sesje-indywidualne","status":"publish","type":"page","link":"https:\/\/czlowiekszczesliwy.pl\/index.php\/sesje-indywidualne\/","title":{"rendered":"Sesje indywidualne"},"content":{"rendered":"\t\t<div data-elementor-type=\"wp-page\" data-elementor-id=\"2984\" class=\"elementor elementor-2984\">\n\t\t\t\t\t\t<div class=\"elementor-inner\">\n\t\t\t\t<div class=\"elementor-section-wrap\">\n\t\t\t\t\t\t\t\t\t<section class=\"elementor-section elementor-top-section elementor-element elementor-element-641b8e6 elementor-section-boxed elementor-section-height-default elementor-section-height-default\" data-id=\"641b8e6\" data-element_type=\"section\">\n\t\t\t\t\t\t<div class=\"elementor-container elementor-column-gap-default\">\n\t\t\t\t\t\t\t<div class=\"elementor-row\">\n\t\t\t\t\t<div class=\"elementor-column elementor-col-100 elementor-top-column elementor-element elementor-element-710c53f\" data-id=\"710c53f\" data-element_type=\"column\">\n\t\t\t<div class=\"elementor-column-wrap elementor-element-populated\">\n\t\t\t\t\t\t\t<div class=\"elementor-widget-wrap\">\n\t\t\t\t\t\t<div class=\"elementor-element elementor-element-e7f697e elementor-widget elementor-widget-spacer\" data-id=\"e7f697e\" data-element_type=\"widget\" data-widget_type=\"spacer.default\">\n\t\t\t\t<div class=\"elementor-widget-container\">\n\t\t\t\t\t<div class=\"elementor-spacer\">\n\t\t\t<div class=\"elementor-spacer-inner\"><\/div>\n\t\t<\/div>\n\t\t\t\t<\/div>\n\t\t\t\t<\/div>\n\t\t\t\t\t\t<\/div>\n\t\t\t\t\t<\/div>\n\t\t<\/div>\n\t\t\t\t\t\t\t\t<\/div>\n\t\t\t\t\t<\/div>\n\t\t<\/section>\n\t\t\t\t<section class=\"elementor-section elementor-top-section elementor-element elementor-element-6bd0ad6 elementor-section-boxed elementor-section-height-default elementor-section-height-default\" data-id=\"6bd0ad6\" data-element_type=\"section\">\n\t\t\t\t\t\t<div class=\"elementor-container elementor-column-gap-default\">\n\t\t\t\t\t\t\t<div class=\"elementor-row\">\n\t\t\t\t\t<div class=\"elementor-column elementor-col-100 elementor-top-column elementor-element elementor-element-bee3356\" data-id=\"bee3356\" data-element_type=\"column\">\n\t\t\t<div class=\"elementor-column-wrap elementor-element-populated\">\n\t\t\t\t\t\t\t<div class=\"elementor-widget-wrap\">\n\t\t\t\t\t\t<div class=\"elementor-element elementor-element-0b71a78 elementor-widget elementor-widget-text-editor\" data-id=\"0b71a78\" data-element_type=\"widget\" data-widget_type=\"text-editor.default\">\n\t\t\t\t<div class=\"elementor-widget-container\">\n\t\t\t\t\t\t\t\t<div class=\"elementor-text-editor elementor-clearfix\">\n\t\t\t\t<div><p>Witam Ci\u0119 w przestrzeni pe\u0142nej akceptacji, zaufania i empatii, w kt\u00f3rej mo\u017cesz bezpiecznie przyjrze\u0107 si\u0119 Sobie i swojemu \u017cyciu. Gdzie spotkasz si\u0119 ze wszystkim co jest. Gdzie poczujesz, co jest najwa\u017cniejsze dla Ciebie tak by m\u00f3c, w zgodzie ze sob\u0105 by\u0107 i dzia\u0142a\u0107.<\/p><\/div><p>\u00a0<\/p>\t\t\t\t\t<\/div>\n\t\t\t\t\t\t<\/div>\n\t\t\t\t<\/div>\n\t\t\t\t\t\t<\/div>\n\t\t\t\t\t<\/div>\n\t\t<\/div>\n\t\t\t\t\t\t\t\t<\/div>\n\t\t\t\t\t<\/div>\n\t\t<\/section>\n\t\t\t\t<section class=\"elementor-section elementor-top-section elementor-element elementor-element-cb3cc64 elementor-section-boxed elementor-section-height-default elementor-section-height-default\" data-id=\"cb3cc64\" data-element_type=\"section\">\n\t\t\t\t\t\t<div class=\"elementor-container elementor-column-gap-default\">\n\t\t\t\t\t\t\t<div class=\"elementor-row\">\n\t\t\t\t\t<div class=\"elementor-column elementor-col-33 elementor-top-column elementor-element elementor-element-0c3e0da\" data-id=\"0c3e0da\" data-element_type=\"column\">\n\t\t\t<div class=\"elementor-column-wrap elementor-element-populated\">\n\t\t\t\t\t\t\t<div class=\"elementor-widget-wrap\">\n\t\t\t\t\t\t<div class=\"elementor-element elementor-element-ef27ab2 animated-slow elementor-invisible elementor-widget elementor-widget-text-editor\" data-id=\"ef27ab2\" data-element_type=\"widget\" data-settings=\"{&quot;_animation&quot;:&quot;fadeIn&quot;}\" data-widget_type=\"text-editor.default\">\n\t\t\t\t<div class=\"elementor-widget-container\">\n\t\t\t\t\t\t\t\t<div class=\"elementor-text-editor elementor-clearfix\">\n\t\t\t\t<p>Jednym z g\u0142\u00f3wnych cel\u00f3w oferowanych przeze mnie indywidualnych sesji, jest umo\u017cliwienie Ci odnalezienia wewn\u0119trznego spokoju i przywr\u00f3cenie naturalnego kontaktu ze sob\u0105.<\/p>\t\t\t\t\t<\/div>\n\t\t\t\t\t\t<\/div>\n\t\t\t\t<\/div>\n\t\t\t\t\t\t<\/div>\n\t\t\t\t\t<\/div>\n\t\t<\/div>\n\t\t\t\t<div class=\"elementor-column elementor-col-33 elementor-top-column elementor-element elementor-element-f533039\" data-id=\"f533039\" data-element_type=\"column\">\n\t\t\t<div class=\"elementor-column-wrap elementor-element-populated\">\n\t\t\t\t\t\t\t<div class=\"elementor-widget-wrap\">\n\t\t\t\t\t\t<div class=\"elementor-element elementor-element-931493d animated-slow elementor-invisible elementor-widget elementor-widget-text-editor\" data-id=\"931493d\" data-element_type=\"widget\" data-settings=\"{&quot;_animation&quot;:&quot;fadeIn&quot;}\" data-widget_type=\"text-editor.default\">\n\t\t\t\t<div class=\"elementor-widget-container\">\n\t\t\t\t\t\t\t\t<div class=\"elementor-text-editor elementor-clearfix\">\n\t\t\t\t<p><span dir=\"auto\">\u00a0Podczas naszej sesji, zaprosz\u0119 Ci\u0119 do pozostawania w byciu i czuciu, poprzez uwa\u017cno\u015b\u0107 na sygna\u0142y z cia\u0142a, uwa\u017cno\u015b\u0107 na oddech, <br \/><\/span><\/p><div dir=\"auto\" style=\"text-align: start;\"><span dir=\"auto\">dania sobie czasu by w\u0142a\u015bciwe s\u0142owa si\u0119 znalaz\u0142y i wybrzmia\u0142y.<\/span><\/div><p>\u00a0<\/p>\t\t\t\t\t<\/div>\n\t\t\t\t\t\t<\/div>\n\t\t\t\t<\/div>\n\t\t\t\t\t\t<\/div>\n\t\t\t\t\t<\/div>\n\t\t<\/div>\n\t\t\t\t<div class=\"elementor-column elementor-col-33 elementor-top-column elementor-element elementor-element-c34c0f6\" data-id=\"c34c0f6\" data-element_type=\"column\">\n\t\t\t<div class=\"elementor-column-wrap elementor-element-populated\">\n\t\t\t\t\t\t\t<div class=\"elementor-widget-wrap\">\n\t\t\t\t\t\t<div class=\"elementor-element elementor-element-49dfeac elementor-widget elementor-widget-text-editor\" data-id=\"49dfeac\" data-element_type=\"widget\" data-widget_type=\"text-editor.default\">\n\t\t\t\t<div class=\"elementor-widget-container\">\n\t\t\t\t\t\t\t\t<div class=\"elementor-text-editor elementor-clearfix\">\n\t\t\t\t<div dir=\"auto\" style=\"text-align: start;\">Chcia\u0142bym, \u017ceby nasze spotkanie by\u0142o chwil\u0105 zatrzymania i rozejrzenia wok\u00f3\u0142.<\/div><div dir=\"auto\" style=\"text-align: start;\">Rozejrzenia w sobie. Us\u0142yszenia siebie. Rozlu\u017anienia.<\/div><div dir=\"auto\" style=\"text-align: start;\">Od\u0142o\u017cenia na chwil\u0119 tego, co niesiesz na co dzie\u0144.<\/div><div dir=\"auto\" style=\"text-align: start;\">Dotarcia do tego, co wa\u017cne teraz.<\/div><div dir=\"auto\" style=\"text-align: start;\">Dotarcia do zasob\u00f3w, do tego co wspieraj\u0105ce.<\/div><div dir=\"auto\" style=\"text-align: start;\">Dotarcia tam, gdzie dawno Ci\u0119 nie by\u0142o\u2026<\/div><p>\u00a0<\/p>\t\t\t\t\t<\/div>\n\t\t\t\t\t\t<\/div>\n\t\t\t\t<\/div>\n\t\t\t\t\t\t<\/div>\n\t\t\t\t\t<\/div>\n\t\t<\/div>\n\t\t\t\t\t\t\t\t<\/div>\n\t\t\t\t\t<\/div>\n\t\t<\/section>\n\t\t\t\t<section class=\"elementor-section elementor-top-section elementor-element elementor-element-4999426 elementor-section-boxed elementor-section-height-default elementor-section-height-default\" data-id=\"4999426\" data-element_type=\"section\">\n\t\t\t\t\t\t<div class=\"elementor-container elementor-column-gap-default\">\n\t\t\t\t\t\t\t<div class=\"elementor-row\">\n\t\t\t\t\t<div class=\"elementor-column elementor-col-100 elementor-top-column elementor-element elementor-element-2d7dc20\" data-id=\"2d7dc20\" data-element_type=\"column\">\n\t\t\t<div class=\"elementor-column-wrap elementor-element-populated\">\n\t\t\t\t\t\t\t<div class=\"elementor-widget-wrap\">\n\t\t\t\t\t\t<div class=\"elementor-element elementor-element-42e8c8b elementor-widget elementor-widget-text-editor\" data-id=\"42e8c8b\" data-element_type=\"widget\" data-widget_type=\"text-editor.default\">\n\t\t\t\t<div class=\"elementor-widget-container\">\n\t\t\t\t\t\t\t\t<div class=\"elementor-text-editor elementor-clearfix\">\n\t\t\t\t<div><div dir=\"auto\"><div data-ad-comet-preview=\"message\" data-ad-preview=\"message\"><div><div><p>Zapraszam wszystkich, tych, kt\u00f3rzy czuj\u0105 potrzeb\u0119 przyjrzenia si\u0119 Sobie i Swojemu \u017cyciu w bezpiecznej atmosferze pe\u0142nej empatii i akceptacji.<\/p><div><div dir=\"auto\" style=\"text-align: start;\">\u00a0<\/div><div dir=\"auto\" style=\"text-align: start;\">\u00a0<em><br \/><\/em><\/div><em>Sesje prowadz\u0119 na \u017cywo w Warszawie lub online.<\/em><div dir=\"auto\" style=\"text-align: start;\"><em>\u00a0<\/em><\/div><div dir=\"auto\" style=\"text-align: start;\"><em>Wi\u0119cej na temat Zen Coachingu czyli jednego z podej\u015b\u0107, stosowanych przez mnie podczas sesji mo\u017cesz <a href=\"https:\/\/czlowiekszczesliwy.pl\/index.php\/zen-coaching\/\" rel=\"noopener\">przeczyta\u0107 tu<\/a>.<br \/><\/em><\/div><\/div><\/div><\/div><\/div><\/div><\/div>\t\t\t\t\t<\/div>\n\t\t\t\t\t\t<\/div>\n\t\t\t\t<\/div>\n\t\t\t\t\t\t<\/div>\n\t\t\t\t\t<\/div>\n\t\t<\/div>\n\t\t\t\t\t\t\t\t<\/div>\n\t\t\t\t\t<\/div>\n\t\t<\/section>\n\t\t\t\t\t\t\t\t\t<\/div>\n\t\t\t<\/div>\n\t\t\t\t\t<\/div>\n\t\t","protected":false},"excerpt":{"rendered":"<p>Witam Ci\u0119 w przestrzeni pe\u0142nej akceptacji, zaufania i empatii, w kt\u00f3rej mo\u017cesz bezpiecznie przyjrze\u0107 si\u0119 Sobie i swojemu \u017cyciu. Gdzie spotkasz si\u0119 ze wszystkim co &hellip;<\/p>\n","protected":false},"author":1,"featured_media":806,"parent":0,"menu_order":0,"comment_status":"closed","ping_status":"closed","template":"elementor_header_footer","meta":{"footnotes":""},"class_list":["post-2984","page","type-page","status-publish","has-post-thumbnail","hentry"],"jetpack_sharing_enabled":true,"_links":{"self":[{"href":"https:\/\/czlowiekszczesliwy.pl\/index.php\/wp-json\/wp\/v2\/pages\/2984","targetHints":{"allow":["GET"]}}],"collection":[{"href":"https:\/\/czlowiekszczesliwy.pl\/index.php\/wp-json\/wp\/v2\/pages"}],"about":[{"href":"https:\/\/czlowiekszczesliwy.pl\/index.php\/wp-json\/wp\/v2\/types\/page"}],"author":[{"embeddable":true,"href":"https:\/\/czlowiekszczesliwy.pl\/index.php\/wp-json\/wp\/v2\/users\/1"}],"replies":[{"embeddable":true,"href":"https:\/\/czlowiekszczesliwy.pl\/index.php\/wp-json\/wp\/v2\/comments?post=2984"}],"version-history":[{"count":46,"href":"https:\/\/czlowiekszczesliwy.pl\/index.php\/wp-json\/wp\/v2\/pages\/2984\/revisions"}],"predecessor-version":[{"id":3269,"href":"https:\/\/czlowiekszczesliwy.pl\/index.php\/wp-json\/wp\/v2\/pages\/2984\/revisions\/3269"}],"wp:featuredmedia":[{"embeddable":true,"href":"https:\/\/czlowiekszczesliwy.pl\/index.php\/wp-json\/wp\/v2\/media\/806"}],"wp:attachment":[{"href":"https:\/\/czlowiekszczesliwy.pl\/index.php\/wp-json\/wp\/v2\/media?parent=2984"}],"curies":[{"name":"wp","href":"https:\/\/api.w.org\/{rel}","templated":true}]}}