{"id":33,"date":"2019-09-14T16:51:29","date_gmt":"2019-09-14T16:51:29","guid":{"rendered":"http:\/\/test.czlowiekszczesliwy.pl\/?page_id=33"},"modified":"2024-03-11T08:02:54","modified_gmt":"2024-03-11T08:02:54","slug":"kontakt","status":"publish","type":"page","link":"https:\/\/czlowiekszczesliwy.pl\/index.php\/kontakt\/","title":{"rendered":"Kontakt"},"content":{"rendered":"\t\t<div data-elementor-type=\"wp-page\" data-elementor-id=\"33\" class=\"elementor elementor-33\">\n\t\t\t\t\t\t<div class=\"elementor-inner\">\n\t\t\t\t<div class=\"elementor-section-wrap\">\n\t\t\t\t\t\t\t\t\t<section class=\"elementor-section elementor-top-section elementor-element elementor-element-5946f85e elementor-section-boxed elementor-section-height-default elementor-section-height-default\" data-id=\"5946f85e\" data-element_type=\"section\">\n\t\t\t\t\t\t<div class=\"elementor-container elementor-column-gap-default\">\n\t\t\t\t\t\t\t<div class=\"elementor-row\">\n\t\t\t\t\t<div class=\"elementor-column elementor-col-100 elementor-top-column elementor-element elementor-element-42a395b\" data-id=\"42a395b\" data-element_type=\"column\">\n\t\t\t<div class=\"elementor-column-wrap elementor-element-populated\">\n\t\t\t\t\t\t\t<div class=\"elementor-widget-wrap\">\n\t\t\t\t\t\t<div class=\"elementor-element elementor-element-3e092c7e elementor-widget elementor-widget-text-editor\" data-id=\"3e092c7e\" data-element_type=\"widget\" data-widget_type=\"text-editor.default\">\n\t\t\t\t<div class=\"elementor-widget-container\">\n\t\t\t\t\t\t\t\t<div class=\"elementor-text-editor elementor-clearfix\">\n\t\t\t\t<p><!-- wp:image {\"align\":\"center\",\"id\":212} --><\/p>\n<div class=\"wp-block-image\">&nbsp;<\/div>\n<p><!-- \/wp:image --><\/p>\n<p><!-- wp:paragraph {\"align\":\"center\",\"textColor\":\"very-dark-gray\",\"fontSize\":\"medium\"} --><\/p>\n<p class=\"has-text-color has-text-align-center has-medium-font-size has-very-dark-gray-color\"><em><strong>Dzi\u0119kuj\u0119 Ci za te wirtualne odwiedziny <\/strong><\/em><\/p>\n<p><!-- \/wp:paragraph --><\/p>\n<p><!-- wp:paragraph {\"align\":\"center\",\"textColor\":\"very-dark-gray\",\"fontSize\":\"medium\"} --><\/p>\n<p class=\"has-text-color has-text-align-center has-medium-font-size has-very-dark-gray-color\"><em><strong>i czekam na wiadomo\u015b\u0107 od Ciebie<\/strong><\/em><strong>.<\/strong><\/p>\n<p><!-- \/wp:paragraph --><\/p>\n<p><!-- wp:paragraph {\"align\":\"center\",\"textColor\":\"very-dark-gray\",\"fontSize\":\"medium\"} --><\/p>\n\n<p><!-- \/wp:paragraph --><\/p>\n<p><!-- wp:paragraph {\"align\":\"center\",\"textColor\":\"very-dark-gray\",\"fontSize\":\"medium\"} --><\/p>\n<p class=\"has-text-color has-text-align-center has-medium-font-size has-very-dark-gray-color\"><strong>e<\/strong><em><strong>mail: <\/strong><\/em><a href=\"e&#109;&#x61;&#105;&#x6c;&#116;&#x6f;&#58;&#x74;&#111;&#x6d;&#97;&#x73;&#122;&#x40;&#99;&#x7a;&#108;&#x6f;&#119;&#x69;&#101;&#x6b;&#115;&#x7a;&#99;&#x7a;&#101;&#x73;&#108;&#x69;&#119;&#x79;&#46;&#x70;&#108;\"><em><strong>t&#111;&#x6d;&#x61;&#x73;z&#64;&#x63;&#x7a;&#x6c;o&#119;&#x69;&#x65;&#x6b;s&#122;&#x63;&#x7a;&#x65;s&#108;&#x69;&#x77;&#x79;&#46;&#112;&#x6c;<\/strong><\/em><\/a><\/p>\n<p class=\"has-text-color has-text-align-center has-medium-font-size has-very-dark-gray-color\"><br><\/p>\n<p><!-- \/wp:paragraph --><\/p>\t\t\t\t\t<\/div>\n\t\t\t\t\t\t<\/div>\n\t\t\t\t<\/div>\n\t\t\t\t\t\t<\/div>\n\t\t\t\t\t<\/div>\n\t\t<\/div>\n\t\t\t\t\t\t\t\t<\/div>\n\t\t\t\t\t<\/div>\n\t\t<\/section>\n\t\t\t\t\t\t\t\t\t<\/div>\n\t\t\t<\/div>\n\t\t\t\t\t<\/div>\n\t\t","protected":false},"excerpt":{"rendered":"<p>Dzi\u0119kuj\u0119 Ci za te wirtualne odwiedziny i czekam na wiadomo\u015b\u0107 od Ciebie. email: &#x74;&#111;m&#x61;&#115;z&#x40;&#99;z&#x6c;&#111;w&#x69;&#101;k&#x73;&#x7a;c&#x7a;&#x65;&#115;&#x6c;&#x69;&#119;&#x79;&#x2e;&#112;l<\/p>\n","protected":false},"author":1,"featured_media":3241,"parent":0,"menu_order":0,"comment_status":"closed","ping_status":"closed","template":"elementor_header_footer","meta":{"footnotes":""},"class_list":["post-33","page","type-page","status-publish","has-post-thumbnail","hentry"],"jetpack_sharing_enabled":true,"_links":{"self":[{"href":"https:\/\/czlowiekszczesliwy.pl\/index.php\/wp-json\/wp\/v2\/pages\/33","targetHints":{"allow":["GET"]}}],"collection":[{"href":"https:\/\/czlowiekszczesliwy.pl\/index.php\/wp-json\/wp\/v2\/pages"}],"about":[{"href":"https:\/\/czlowiekszczesliwy.pl\/index.php\/wp-json\/wp\/v2\/types\/page"}],"author":[{"embeddable":true,"href":"https:\/\/czlowiekszczesliwy.pl\/index.php\/wp-json\/wp\/v2\/users\/1"}],"replies":[{"embeddable":true,"href":"https:\/\/czlowiekszczesliwy.pl\/index.php\/wp-json\/wp\/v2\/comments?post=33"}],"version-history":[{"count":45,"href":"https:\/\/czlowiekszczesliwy.pl\/index.php\/wp-json\/wp\/v2\/pages\/33\/revisions"}],"predecessor-version":[{"id":3273,"href":"https:\/\/czlowiekszczesliwy.pl\/index.php\/wp-json\/wp\/v2\/pages\/33\/revisions\/3273"}],"wp:featuredmedia":[{"embeddable":true,"href":"https:\/\/czlowiekszczesliwy.pl\/index.php\/wp-json\/wp\/v2\/media\/3241"}],"wp:attachment":[{"href":"https:\/\/czlowiekszczesliwy.pl\/index.php\/wp-json\/wp\/v2\/media?parent=33"}],"curies":[{"name":"wp","href":"https:\/\/api.w.org\/{rel}","templated":true}]}}